{"id":25,"date":"2022-11-13T17:27:27","date_gmt":"2022-11-13T17:27:27","guid":{"rendered":"https:\/\/coopaceidaan.org\/?page_id=25"},"modified":"2025-08-14T20:27:18","modified_gmt":"2025-08-14T20:27:18","slug":"contacto","status":"publish","type":"page","link":"https:\/\/coopaceidaan.org\/?page_id=25","title":{"rendered":"Contacto"},"content":{"rendered":"\n<p><\/p>\n\n\n\n<p><\/p>\n\n\n\n<div class=\"wp-block-columns is-layout-flex wp-container-core-columns-is-layout-9d6595d7 wp-block-columns-is-layout-flex\">\n<div class=\"wp-block-column is-layout-flow wp-block-column-is-layout-flow\">\n<figure class=\"wp-block-image size-large\"><img fetchpriority=\"high\" decoding=\"async\" width=\"728\" height=\"1024\" src=\"https:\/\/coopaceidaan.org\/wp-content\/uploads\/2023\/05\/zyro-image-1-728x1024.jpg\" alt=\"\" class=\"wp-image-513\" srcset=\"https:\/\/coopaceidaan.org\/wp-content\/uploads\/2023\/05\/zyro-image-1-728x1024.jpg 728w, https:\/\/coopaceidaan.org\/wp-content\/uploads\/2023\/05\/zyro-image-1-600x844.jpg 600w, https:\/\/coopaceidaan.org\/wp-content\/uploads\/2023\/05\/zyro-image-1-213x300.jpg 213w, https:\/\/coopaceidaan.org\/wp-content\/uploads\/2023\/05\/zyro-image-1.jpg 756w\" sizes=\"(max-width: 728px) 100vw, 728px\" \/><\/figure>\n\n\n\n<h2 class=\"wp-block-heading\" style=\"font-size:14px\"><strong>Sede Principal, V\u00eda Brasil<\/strong><\/h2>\n\n\n\n<p>Calle Principal V\u00eda Brasil<br>PH AIRCO, Frente a Uno Express<\/p>\n\n\n\n<p>Panam\u00e1 Contacto: 269-5411&nbsp;<strong>Horario Panam\u00e1<\/strong><br>Lunes a Viernes: de 8:00 am. a las 5:00 pm. \/\/ S\u00e1bado: de 9:00 am. a 1:00 pm. \/\/ Domingo Cerrados.<\/p>\n<\/div>\n\n\n\n<div class=\"wp-block-column is-layout-flow wp-block-column-is-layout-flow\">\n<div style=\"height:100px\" aria-hidden=\"true\" class=\"wp-block-spacer\"><\/div>\n\n\n\n<h2 class=\"wp-block-heading\" style=\"font-size:14px\"><strong>Sucursal David, Chiriqui<\/strong><\/h2>\n\n\n\n<p>David- Entre calle 5ta y 6ta. Edificio plaza contador.<\/p>\n\n\n\n<p>Chiriqu\u00ed Contacto: 774-2231&nbsp;<strong>Horario Chiriqu\u00ed<\/strong><br>Lunes a Viernes: de 8:00 am. a las 5:00 pm. \/\/ S\u00e1bado: de 9:00 am. a 1:00 pm. \/\/ Domingo Cerrados.<\/p>\n\n\n\n<figure class=\"wp-block-image size-large\"><img decoding=\"async\" width=\"1024\" height=\"768\" src=\"https:\/\/coopaceidaan.org\/wp-content\/uploads\/2022\/11\/WhatsApp-Image-2022-11-16-at-1.56.30-PM-1024x768.jpeg\" alt=\"\" class=\"wp-image-163\" srcset=\"https:\/\/coopaceidaan.org\/wp-content\/uploads\/2022\/11\/WhatsApp-Image-2022-11-16-at-1.56.30-PM-1024x768.jpeg 1024w, https:\/\/coopaceidaan.org\/wp-content\/uploads\/2022\/11\/WhatsApp-Image-2022-11-16-at-1.56.30-PM-600x450.jpeg 600w, https:\/\/coopaceidaan.org\/wp-content\/uploads\/2022\/11\/WhatsApp-Image-2022-11-16-at-1.56.30-PM-300x225.jpeg 300w, https:\/\/coopaceidaan.org\/wp-content\/uploads\/2022\/11\/WhatsApp-Image-2022-11-16-at-1.56.30-PM-768x576.jpeg 768w, https:\/\/coopaceidaan.org\/wp-content\/uploads\/2022\/11\/WhatsApp-Image-2022-11-16-at-1.56.30-PM-570x428.jpeg 570w, https:\/\/coopaceidaan.org\/wp-content\/uploads\/2022\/11\/WhatsApp-Image-2022-11-16-at-1.56.30-PM.jpeg 1280w\" sizes=\"(max-width: 1024px) 100vw, 1024px\" \/><\/figure>\n\n\n\n<div class=\"wp-block-essential-blocks-advanced-heading  root-eb-advance-heading-jy4xu\"><div class=\"eb-parent-wrapper eb-parent-eb-advance-heading-jy4xu \"><div class=\"eb-advance-heading-wrapper eb-advance-heading-jy4xu button-1 undefined\" data-id=\"eb-advance-heading-jy4xu\"><h5 class=\"eb-ah-title\"><span class=\"first-title\">Cont\u00e1ctanos por:<br> <br>Inscripciones como asociado o ahorrista, consultas sobre aperturas de cuentas de ahorros al 6225-4293<br><br>Informaci\u00f3n sobre pr\u00e9stamos, estados de cuenta, carta de saldo, cotizaciones, devoluciones al 6225-2998. <\/span><\/h5><\/div><\/div><\/div>\n<\/div>\n<\/div>\n\n\n<div class=\"wpforms-container wpforms-container-full wpforms-block wpforms-block-9be66fca-8840-4770-92e7-76ae7ac05a09\" id=\"wpforms-41\"><form id=\"wpforms-form-41\" class=\"wpforms-validate wpforms-form wpforms-ajax-form\" data-formid=\"41\" method=\"post\" enctype=\"multipart\/form-data\" action=\"\/index.php?rest_route=%2Fwp%2Fv2%2Fpages%2F25\" data-token=\"eab03a90abdb530f1899762f090ef785\" data-token-time=\"1777660497\"><noscript class=\"wpforms-error-noscript\">Por favor, activa JavaScript en tu navegador para completar este formulario.<\/noscript><div class=\"wpforms-field-container\"><div id=\"wpforms-41-field_0-container\" class=\"wpforms-field wpforms-field-name\" data-field-id=\"0\"><label class=\"wpforms-field-label\" for=\"wpforms-41-field_0\">Nombre <span class=\"wpforms-required-label\">*<\/span><\/label><input type=\"text\" id=\"wpforms-41-field_0\" class=\"wpforms-field-medium wpforms-field-required\" name=\"wpforms[fields][0]\" required><\/div><div id=\"wpforms-41-field_1-container\" class=\"wpforms-field wpforms-field-email\" data-field-id=\"1\"><label class=\"wpforms-field-label\" for=\"wpforms-41-field_1\">Correo electr\u00f3nico <span class=\"wpforms-required-label\">*<\/span><\/label><input type=\"email\" id=\"wpforms-41-field_1\" class=\"wpforms-field-medium wpforms-field-required\" name=\"wpforms[fields][1]\" spellcheck=\"false\" required><\/div><div id=\"wpforms-41-field_2-container\" class=\"wpforms-field wpforms-field-textarea\" data-field-id=\"2\"><label class=\"wpforms-field-label\" for=\"wpforms-41-field_2\">Contenido o mensaje<\/label><textarea id=\"wpforms-41-field_2\" class=\"wpforms-field-medium\" name=\"wpforms[fields][2]\" ><\/textarea><\/div><div id=\"wpforms-41-field_3-container\" class=\"wpforms-field wpforms-field-checkbox\" data-field-id=\"3\"><label class=\"wpforms-field-label\">Metodo de contacto<\/label><ul id=\"wpforms-41-field_3\"><li class=\"choice-1 depth-1\"><input type=\"checkbox\" id=\"wpforms-41-field_3_1\" name=\"wpforms[fields][3][]\" value=\"Whatsapp\"  ><label class=\"wpforms-field-label-inline\" for=\"wpforms-41-field_3_1\">Whatsapp<\/label><\/li><li class=\"choice-2 depth-1\"><input type=\"checkbox\" id=\"wpforms-41-field_3_2\" name=\"wpforms[fields][3][]\" value=\"Llamada\"  ><label class=\"wpforms-field-label-inline\" for=\"wpforms-41-field_3_2\">Llamada<\/label><\/li><li class=\"choice-3 depth-1\"><input type=\"checkbox\" id=\"wpforms-41-field_3_3\" name=\"wpforms[fields][3][]\" value=\"Correo\"  ><label class=\"wpforms-field-label-inline\" for=\"wpforms-41-field_3_3\">Correo<\/label><\/li><\/ul><\/div><div id=\"wpforms-41-field_4-container\" class=\"wpforms-field wpforms-field-text\" data-field-id=\"4\"><label class=\"wpforms-field-label\" for=\"wpforms-41-field_4\">Telefono Celular<\/label><input type=\"text\" id=\"wpforms-41-field_4\" class=\"wpforms-field-medium\" name=\"wpforms[fields][4]\" ><\/div><\/div><!-- .wpforms-field-container --><div class=\"wpforms-submit-container\" ><input type=\"hidden\" name=\"wpforms[id]\" value=\"41\"><input type=\"hidden\" name=\"page_title\" value=\"\"><input type=\"hidden\" name=\"page_url\" value=\"https:\/\/coopaceidaan.org\/index.php?rest_route=\/wp\/v2\/pages\/25\"><input type=\"hidden\" name=\"url_referer\" value=\"\"><button type=\"submit\" name=\"wpforms[submit]\" id=\"wpforms-submit-41\" class=\"wpforms-submit\" data-alt-text=\"Sending...\" data-submit-text=\"Submit\" aria-live=\"assertive\" value=\"wpforms-submit\">Submit<\/button><img decoding=\"async\" src=\"https:\/\/coopaceidaan.org\/wp-content\/plugins\/wpforms-lite\/assets\/images\/submit-spin.svg\" class=\"wpforms-submit-spinner\" style=\"display: none;\" width=\"26\" height=\"26\" alt=\"Cargando\"><\/div><\/form><\/div>  <!-- .wpforms-container -->\n\n\n<div class=\"wp-block-essential-blocks-button  root-eb-button-wlly7\"><div class=\"eb-parent-wrapper eb-parent-eb-button-wlly7 \"><div class=\"eb-button-wrapper eb-button-alignment eb-button-wlly7\"><div class=\"eb-button\"><div class=\"eb-button-inner-wrapper \"><a class=\"eb-button-anchor \" href=\"https:\/\/outlook.office365.com\/mail\/\" rel=\"noopener\">Click Me!<\/a><\/div><\/div><\/div><\/div><\/div>\n\n\n\n<p><\/p>\n<div class=\"pvc_clear\"><\/div><p id=\"pvc_stats_25\" class=\"pvc_stats total_only  \" data-element-id=\"25\" style=\"\"><i class=\"pvc-stats-icon small\" aria-hidden=\"true\"><svg aria-hidden=\"true\" focusable=\"false\" data-prefix=\"far\" data-icon=\"chart-bar\" role=\"img\" xmlns=\"http:\/\/www.w3.org\/2000\/svg\" viewBox=\"0 0 512 512\" class=\"svg-inline--fa fa-chart-bar fa-w-16 fa-2x\"><path fill=\"currentColor\" d=\"M396.8 352h22.4c6.4 0 12.8-6.4 12.8-12.8V108.8c0-6.4-6.4-12.8-12.8-12.8h-22.4c-6.4 0-12.8 6.4-12.8 12.8v230.4c0 6.4 6.4 12.8 12.8 12.8zm-192 0h22.4c6.4 0 12.8-6.4 12.8-12.8V140.8c0-6.4-6.4-12.8-12.8-12.8h-22.4c-6.4 0-12.8 6.4-12.8 12.8v198.4c0 6.4 6.4 12.8 12.8 12.8zm96 0h22.4c6.4 0 12.8-6.4 12.8-12.8V204.8c0-6.4-6.4-12.8-12.8-12.8h-22.4c-6.4 0-12.8 6.4-12.8 12.8v134.4c0 6.4 6.4 12.8 12.8 12.8zM496 400H48V80c0-8.84-7.16-16-16-16H16C7.16 64 0 71.16 0 80v336c0 17.67 14.33 32 32 32h464c8.84 0 16-7.16 16-16v-16c0-8.84-7.16-16-16-16zm-387.2-48h22.4c6.4 0 12.8-6.4 12.8-12.8v-70.4c0-6.4-6.4-12.8-12.8-12.8h-22.4c-6.4 0-12.8 6.4-12.8 12.8v70.4c0 6.4 6.4 12.8 12.8 12.8z\" class=\"\"><\/path><\/svg><\/i> <img loading=\"lazy\" decoding=\"async\" width=\"16\" height=\"16\" alt=\"Loading\" src=\"https:\/\/coopaceidaan.org\/wp-content\/plugins\/page-views-count\/ajax-loader-2x.gif\" border=0 \/><\/p><div class=\"pvc_clear\"><\/div>","protected":false},"excerpt":{"rendered":"<p>Sede Principal, V\u00eda Brasil Calle Principal V\u00eda BrasilPH AIRCO, Frente a Uno Express Panam\u00e1 Contacto: 269-5411&nbsp;Horario Panam\u00e1Lunes a Viernes: de 8:00 am. a las 5:00 pm. \/\/ S\u00e1bado: de 9:00 am. a 1:00 pm. \/\/ Domingo Cerrados. Sucursal David, Chiriqui David- Entre calle 5ta y 6ta. Edificio plaza contador. Chiriqu\u00ed Contacto: 774-2231&nbsp;Horario Chiriqu\u00edLunes a Viernes:<span class=\"post-excerpt-end\">&hellip;<\/span><\/p>\n<p class=\"more-link\"><a href=\"https:\/\/coopaceidaan.org\/?page_id=25\" class=\"themebutton\">Read More<\/a><\/p>\n<div class=\"pvc_clear\"><\/div>\n<p id=\"pvc_stats_25\" class=\"pvc_stats total_only  \" data-element-id=\"25\" style=\"\"><i class=\"pvc-stats-icon small\" aria-hidden=\"true\"><svg aria-hidden=\"true\" focusable=\"false\" data-prefix=\"far\" data-icon=\"chart-bar\" role=\"img\" xmlns=\"http:\/\/www.w3.org\/2000\/svg\" viewBox=\"0 0 512 512\" class=\"svg-inline--fa fa-chart-bar fa-w-16 fa-2x\"><path fill=\"currentColor\" d=\"M396.8 352h22.4c6.4 0 12.8-6.4 12.8-12.8V108.8c0-6.4-6.4-12.8-12.8-12.8h-22.4c-6.4 0-12.8 6.4-12.8 12.8v230.4c0 6.4 6.4 12.8 12.8 12.8zm-192 0h22.4c6.4 0 12.8-6.4 12.8-12.8V140.8c0-6.4-6.4-12.8-12.8-12.8h-22.4c-6.4 0-12.8 6.4-12.8 12.8v198.4c0 6.4 6.4 12.8 12.8 12.8zm96 0h22.4c6.4 0 12.8-6.4 12.8-12.8V204.8c0-6.4-6.4-12.8-12.8-12.8h-22.4c-6.4 0-12.8 6.4-12.8 12.8v134.4c0 6.4 6.4 12.8 12.8 12.8zM496 400H48V80c0-8.84-7.16-16-16-16H16C7.16 64 0 71.16 0 80v336c0 17.67 14.33 32 32 32h464c8.84 0 16-7.16 16-16v-16c0-8.84-7.16-16-16-16zm-387.2-48h22.4c6.4 0 12.8-6.4 12.8-12.8v-70.4c0-6.4-6.4-12.8-12.8-12.8h-22.4c-6.4 0-12.8 6.4-12.8 12.8v70.4c0 6.4 6.4 12.8 12.8 12.8z\" class=\"\"><\/path><\/svg><\/i> <img loading=\"lazy\" decoding=\"async\" width=\"16\" height=\"16\" alt=\"Loading\" src=\"https:\/\/coopaceidaan.org\/wp-content\/plugins\/page-views-count\/ajax-loader-2x.gif\" border=0 \/><\/p>\n<div class=\"pvc_clear\"><\/div>\n","protected":false},"author":1,"featured_media":0,"parent":0,"menu_order":6,"comment_status":"closed","ping_status":"closed","template":"","meta":{"_eb_attr":"","_monsterinsights_skip_tracking":false,"_monsterinsights_sitenote_active":false,"_monsterinsights_sitenote_note":"","_monsterinsights_sitenote_category":0,"_joinchat":[],"footnotes":""},"class_list":["post-25","page","type-page","status-publish","hentry"],"_links":{"self":[{"href":"https:\/\/coopaceidaan.org\/index.php?rest_route=\/wp\/v2\/pages\/25","targetHints":{"allow":["GET"]}}],"collection":[{"href":"https:\/\/coopaceidaan.org\/index.php?rest_route=\/wp\/v2\/pages"}],"about":[{"href":"https:\/\/coopaceidaan.org\/index.php?rest_route=\/wp\/v2\/types\/page"}],"author":[{"embeddable":true,"href":"https:\/\/coopaceidaan.org\/index.php?rest_route=\/wp\/v2\/users\/1"}],"replies":[{"embeddable":true,"href":"https:\/\/coopaceidaan.org\/index.php?rest_route=%2Fwp%2Fv2%2Fcomments&post=25"}],"version-history":[{"count":12,"href":"https:\/\/coopaceidaan.org\/index.php?rest_route=\/wp\/v2\/pages\/25\/revisions"}],"predecessor-version":[{"id":895,"href":"https:\/\/coopaceidaan.org\/index.php?rest_route=\/wp\/v2\/pages\/25\/revisions\/895"}],"wp:attachment":[{"href":"https:\/\/coopaceidaan.org\/index.php?rest_route=%2Fwp%2Fv2%2Fmedia&parent=25"}],"curies":[{"name":"wp","href":"https:\/\/api.w.org\/{rel}","templated":true}]}}