{"id":108,"date":"2022-11-15T00:56:11","date_gmt":"2022-11-15T00:56:11","guid":{"rendered":"https:\/\/coopaceidaan.org\/?page_id=108"},"modified":"2026-01-20T23:03:29","modified_gmt":"2026-01-20T23:03:29","slug":"conocenos","status":"publish","type":"page","link":"https:\/\/coopaceidaan.org\/?page_id=108","title":{"rendered":"Con\u00f3cenos"},"content":{"rendered":"\t\t<div data-elementor-type=\"wp-page\" data-elementor-id=\"108\" class=\"elementor elementor-108\">\n\t\t\t\t\t\t<section class=\"elementor-section elementor-top-section elementor-element elementor-element-2eddeae6 elementor-section-boxed elementor-section-height-default elementor-section-height-default\" data-id=\"2eddeae6\" data-element_type=\"section\" data-e-type=\"section\">\n\t\t\t\t\t\t<div class=\"elementor-container elementor-column-gap-default\">\n\t\t\t\t\t<div class=\"elementor-column elementor-col-100 elementor-top-column elementor-element elementor-element-4f1d17d2\" data-id=\"4f1d17d2\" data-element_type=\"column\" data-e-type=\"column\">\n\t\t\t<div class=\"elementor-widget-wrap elementor-element-populated\">\n\t\t\t\t\t\t<div class=\"elementor-element elementor-element-4e0e9b45 elementor-widget__width-initial elementor-widget elementor-widget-text-editor\" data-id=\"4e0e9b45\" data-element_type=\"widget\" data-e-type=\"widget\" data-widget_type=\"text-editor.default\">\n\t\t\t\t<div class=\"elementor-widget-container\">\n\t\t\t\t\t\t\t\t\t\n<div class=\"wp-block-group alignfull has-background\" style=\"background: linear-gradient(355deg,rgba(255,255,255,0.96) 0%,#c7dbff 95%);\"><div class=\"wp-block-group__inner-container is-layout-flow wp-block-group-is-layout-flow\">\n<div class=\"wp-block-columns alignwide is-layout-flex wp-container-core-columns-is-layout-9d6595d7 wp-block-columns-is-layout-flex\">\n<div class=\"wp-block-column has-small-font-size is-layout-flow wp-block-column-is-layout-flow\">\n<h6 id=\"ecosystem\" class=\"has-text-color wp-block-heading\" style=\"color: #000000;\">\u00a0<\/h6>\n\n<p class=\"has-text-color has-background\" style=\"color: #000000; background-color: #ffffff00; font-size: 3vw; font-style: italic; font-weight: 800; line-height: 1.1;\"><strong>Rese\u00f1a Hist\u00f3rica<\/strong><\/p>\n\n<div class=\"wp-block-spacer\" style=\"height: 5px;\" aria-hidden=\"true\">\u00a0<\/div>\n<\/div>\n<\/div>\n\n<div class=\"wp-block-group\"><div class=\"wp-block-group__inner-container is-layout-constrained wp-block-group-is-layout-constrained\">\n<div class=\"wp-block-columns is-layout-flex wp-container-core-columns-is-layout-9d6595d7 wp-block-columns-is-layout-flex\">\n<div class=\"wp-block-column is-layout-flow wp-block-column-is-layout-flow\">\n<p class=\"has-black-color has-text-color\"><strong>La Cooperativa de Ahorros y Cr\u00e9ditos de los empleados del IDAAN, R.L. fue fundada el 25 de abril del 1985. Los primeros asociados fueron 33, todos funcionarios del IDAAN. El capital inicial fue de B\/. 1,745.00. Hombres y mujeres que creen en la filosof\u00eda del cooperativismo como movimiento de acci\u00f3n socioecon\u00f3mica y como fuerza innata en el ser humano que le impulsa a colaborar y participar con sus semejantes en la b\u00fasqueda del bienestar individual y colectivo, mediante la practica de la solidaridad y educaci\u00f3n cooperativa.<\/strong><\/p>\n<\/div>\n\n<div class=\"wp-block-column is-layout-flow wp-block-column-is-layout-flow\">\n<figure class=\"wp-block-image size-large\"><img fetchpriority=\"high\" decoding=\"async\" width=\"1024\" height=\"576\" class=\"wp-image-226\" src=\"https:\/\/coopaceidaan.org\/wp-content\/uploads\/2022\/11\/casita-2-1024x576.png\" alt=\"\" srcset=\"https:\/\/coopaceidaan.org\/wp-content\/uploads\/2022\/11\/casita-2-1024x576.png 1024w, https:\/\/coopaceidaan.org\/wp-content\/uploads\/2022\/11\/casita-2-600x338.png 600w, https:\/\/coopaceidaan.org\/wp-content\/uploads\/2022\/11\/casita-2-300x169.png 300w, https:\/\/coopaceidaan.org\/wp-content\/uploads\/2022\/11\/casita-2-768x432.png 768w, https:\/\/coopaceidaan.org\/wp-content\/uploads\/2022\/11\/casita-2.png 1280w\" sizes=\"(max-width: 1024px) 100vw, 1024px\" \/><\/figure>\n<\/div>\n<\/div>\n<\/div><\/div>\n\n<div class=\"wp-block-columns alignwide is-layout-flex wp-container-core-columns-is-layout-9d6595d7 wp-block-columns-is-layout-flex\">\n<div class=\"wp-block-column is-layout-flow wp-block-column-is-layout-flow\" style=\"flex-basis: 67%;\"><div class=\"wp-block-image\">\n<figure class=\"alignright size-full\"><img decoding=\"async\" width=\"1280\" height=\"794\" class=\"wp-image-217\" src=\"https:\/\/coopaceidaan.org\/wp-content\/uploads\/2022\/11\/WhatsApp-Image-2022-11-19-at-9.19.14-AM-1.jpeg\" alt=\"\" srcset=\"https:\/\/coopaceidaan.org\/wp-content\/uploads\/2022\/11\/WhatsApp-Image-2022-11-19-at-9.19.14-AM-1.jpeg 1280w, https:\/\/coopaceidaan.org\/wp-content\/uploads\/2022\/11\/WhatsApp-Image-2022-11-19-at-9.19.14-AM-1-600x372.jpeg 600w, https:\/\/coopaceidaan.org\/wp-content\/uploads\/2022\/11\/WhatsApp-Image-2022-11-19-at-9.19.14-AM-1-300x186.jpeg 300w, https:\/\/coopaceidaan.org\/wp-content\/uploads\/2022\/11\/WhatsApp-Image-2022-11-19-at-9.19.14-AM-1-1024x635.jpeg 1024w, https:\/\/coopaceidaan.org\/wp-content\/uploads\/2022\/11\/WhatsApp-Image-2022-11-19-at-9.19.14-AM-1-768x476.jpeg 768w\" sizes=\"(max-width: 1280px) 100vw, 1280px\" \/><\/figure>\n<\/div><\/div>\n\n<div class=\"wp-block-column is-vertically-aligned-center is-layout-flow wp-block-column-is-layout-flow\" style=\"flex-basis: 33%;\">\n<p class=\"has-text-color has-extra-small-font-size\" style=\"color: #000000;\"><strong>&#8216;COOPACEIDAAN&#8217;, R.L. es una empresa de intermediaci\u00f3n financiera mediana (con activos que superan los 10 millones de balboas. Nuestra empresa es profesional, tecnificada, segura, pero tambi\u00e9n es humana, sensible, compresiva de las necesidades, de sus asociadas, que la fecha, suman m\u00e1s de 1450 a nivel nacional. Nos esforzamos en el establecimiento y mantenimiento de procesos de calidad, lo cual nos ha permitido mejorar la eficiencia y acelerar los procesos en la prestaci\u00f3n de servicios, ofreciendo un portafolio de oportunidades a nuestros clientes.<\/strong><\/p>\n<\/div>\n<\/div>\n<\/div><\/div>\n\n<p>\u00a0<\/p>\n\n<div class=\"wp-block-columns is-layout-flex wp-container-core-columns-is-layout-9d6595d7 wp-block-columns-is-layout-flex\">\n<div class=\"wp-block-column has-background is-layout-flow wp-block-column-is-layout-flow\" style=\"background: linear-gradient(354deg,#ffffff 0%,rgba(118,168,255,0.61) 100%);\">\n<h2 class=\"wp-block-heading\" style=\"font-style: italic; font-weight: 800;\"><strong>Misi\u00f3n<\/strong><\/h2>\n\n<p><strong>COOPACEIDAAN, Empresa cooperativa moderna y din\u00e1mica que brinda servicios de excelencia para satisfacer las necesidades socio econ\u00f3mica de nuestros asociados, mejorando su calidad de vida.<\/strong><\/p>\n<\/div>\n\n<div class=\"wp-block-column has-background is-layout-flow wp-block-column-is-layout-flow\" style=\"background: linear-gradient(357deg,#ffffff 0%,#aecafb 100%);\">\n<h2 class=\"wp-block-heading\" style=\"font-style: italic; font-weight: 800;\"><strong>Visi\u00f3n<\/strong><\/h2>\n\n<p><strong>Contribuir a mejorar la calidad de vida de nuestros asociados, a trav\u00e9s de propuestas de servicios financieros, culturales y sociales adecuadas a sus necesidades, como solo una empresa s\u00f3lida, din\u00e1mica y adaptable a los cambios y recursos humanos , comprometido con experiencia y valores \u00e9ticos y morales, puede hacerlo.<\/strong><\/p>\n\n<p>\u00a0<\/p>\n<\/div>\n<\/div>\n\t\t\t\t\t\t\t\t<\/div>\n\t\t\t\t<\/div>\n\t\t\t\t\t<\/div>\n\t\t<\/div>\n\t\t\t\t\t<\/div>\n\t\t<\/section>\n\t\t<div class=\"elementor-element elementor-element-f7fa876 e-flex e-con-boxed e-con e-parent\" data-id=\"f7fa876\" data-element_type=\"container\" data-e-type=\"container\">\n\t\t\t\t\t<div class=\"e-con-inner\">\n\t\t\t\t<div class=\"elementor-element elementor-element-7dafea9 elementor-widget__width-initial elementor-widget elementor-widget-text-editor\" data-id=\"7dafea9\" data-element_type=\"widget\" data-e-type=\"widget\" data-widget_type=\"text-editor.default\">\n\t\t\t\t<div class=\"elementor-widget-container\">\n\t\t\t\t\t\t\t\t\t<h1><strong>CONOCE UN POCO M\u00c1S DE NOSOTROS\u00a0<\/strong><br \/><br \/><span style=\"color: #3c434a; font-family: -apple-system, BlinkMacSystemFont, 'Segoe UI', Roboto, Oxygen-Sans, Ubuntu, Cantarell, 'Helvetica Neue', sans-serif; font-size: 13px; font-style: normal; font-weight: 400;\"><div class=\"_df_book df-lite\" id=\"df_878\"  _slug=\"conocenos\" data-title=\"conocenos\" wpoptions=\"true\" thumbtype=\"\" ><\/div><script class=\"df-shortcode-script\" nowprocket type=\"application\/javascript\">window.option_df_878 = {\"outline\":[],\"autoEnableOutline\":\"false\",\"autoEnableThumbnail\":\"false\",\"overwritePDFOutline\":\"false\",\"direction\":\"1\",\"pageSize\":\"0\",\"source\":\"http:\\\/\\\/coopaceidaan.org\\\/wp-content\\\/uploads\\\/2025\\\/08\\\/Revista-Digital-COOPACEIDAAN-R.L-1.pdf\",\"wpOptions\":\"true\"}; if(window.DFLIP && window.DFLIP.parseBooks){window.DFLIP.parseBooks();}<\/script><\/span><\/h1>\t\t\t\t\t\t\t\t<\/div>\n\t\t\t\t<\/div>\n\t\t\t\t\t<\/div>\n\t\t\t\t<\/div>\n\t\t\t\t<\/div>\n\t\t","protected":false},"excerpt":{"rendered":"<p>\u00a0 Rese\u00f1a Hist\u00f3rica La Cooperativa de Ahorros y Cr\u00e9ditos de los empleados del IDAAN, R.L. fue fundada el 25 de abril del 1985. Los primeros asociados fueron 33, todos funcionarios del IDAAN. El capital inicial fue de B\/. 1,745.00. Hombres y mujeres que creen en la filosof\u00eda del cooperativismo como movimiento de acci\u00f3n socioecon\u00f3mica y<span class=\"post-excerpt-end\">&hellip;<\/span><\/p>\n<p class=\"more-link\"><a href=\"https:\/\/coopaceidaan.org\/?page_id=108\" class=\"themebutton\">Read More<\/a><\/p>\n<div class=\"pvc_clear\"><\/div>\n<p id=\"pvc_stats_108\" class=\"pvc_stats total_only  \" data-element-id=\"108\" style=\"\"><i class=\"pvc-stats-icon small\" aria-hidden=\"true\"><svg aria-hidden=\"true\" focusable=\"false\" data-prefix=\"far\" data-icon=\"chart-bar\" role=\"img\" xmlns=\"http:\/\/www.w3.org\/2000\/svg\" viewBox=\"0 0 512 512\" class=\"svg-inline--fa fa-chart-bar fa-w-16 fa-2x\"><path fill=\"currentColor\" d=\"M396.8 352h22.4c6.4 0 12.8-6.4 12.8-12.8V108.8c0-6.4-6.4-12.8-12.8-12.8h-22.4c-6.4 0-12.8 6.4-12.8 12.8v230.4c0 6.4 6.4 12.8 12.8 12.8zm-192 0h22.4c6.4 0 12.8-6.4 12.8-12.8V140.8c0-6.4-6.4-12.8-12.8-12.8h-22.4c-6.4 0-12.8 6.4-12.8 12.8v198.4c0 6.4 6.4 12.8 12.8 12.8zm96 0h22.4c6.4 0 12.8-6.4 12.8-12.8V204.8c0-6.4-6.4-12.8-12.8-12.8h-22.4c-6.4 0-12.8 6.4-12.8 12.8v134.4c0 6.4 6.4 12.8 12.8 12.8zM496 400H48V80c0-8.84-7.16-16-16-16H16C7.16 64 0 71.16 0 80v336c0 17.67 14.33 32 32 32h464c8.84 0 16-7.16 16-16v-16c0-8.84-7.16-16-16-16zm-387.2-48h22.4c6.4 0 12.8-6.4 12.8-12.8v-70.4c0-6.4-6.4-12.8-12.8-12.8h-22.4c-6.4 0-12.8 6.4-12.8 12.8v70.4c0 6.4 6.4 12.8 12.8 12.8z\" class=\"\"><\/path><\/svg><\/i> <img decoding=\"async\" width=\"16\" height=\"16\" alt=\"Loading\" src=\"https:\/\/coopaceidaan.org\/wp-content\/plugins\/page-views-count\/ajax-loader-2x.gif\" border=0 \/><\/p>\n<div class=\"pvc_clear\"><\/div>\n","protected":false},"author":1,"featured_media":0,"parent":0,"menu_order":5,"comment_status":"closed","ping_status":"closed","template":"elementor_header_footer","meta":{"_eb_attr":"","_monsterinsights_skip_tracking":false,"_monsterinsights_sitenote_active":false,"_monsterinsights_sitenote_note":"","_monsterinsights_sitenote_category":0,"_joinchat":[],"footnotes":""},"class_list":["post-108","page","type-page","status-publish","hentry"],"_links":{"self":[{"href":"https:\/\/coopaceidaan.org\/index.php?rest_route=\/wp\/v2\/pages\/108","targetHints":{"allow":["GET"]}}],"collection":[{"href":"https:\/\/coopaceidaan.org\/index.php?rest_route=\/wp\/v2\/pages"}],"about":[{"href":"https:\/\/coopaceidaan.org\/index.php?rest_route=\/wp\/v2\/types\/page"}],"author":[{"embeddable":true,"href":"https:\/\/coopaceidaan.org\/index.php?rest_route=\/wp\/v2\/users\/1"}],"replies":[{"embeddable":true,"href":"https:\/\/coopaceidaan.org\/index.php?rest_route=%2Fwp%2Fv2%2Fcomments&post=108"}],"version-history":[{"count":27,"href":"https:\/\/coopaceidaan.org\/index.php?rest_route=\/wp\/v2\/pages\/108\/revisions"}],"predecessor-version":[{"id":1032,"href":"https:\/\/coopaceidaan.org\/index.php?rest_route=\/wp\/v2\/pages\/108\/revisions\/1032"}],"wp:attachment":[{"href":"https:\/\/coopaceidaan.org\/index.php?rest_route=%2Fwp%2Fv2%2Fmedia&parent=108"}],"curies":[{"name":"wp","href":"https:\/\/api.w.org\/{rel}","templated":true}]}}